{"id":261,"date":"2017-11-15T15:32:16","date_gmt":"2017-11-15T15:32:16","guid":{"rendered":"https:\/\/dual-byte.com\/?page_id=261"},"modified":"2018-02-22T03:33:15","modified_gmt":"2018-02-22T03:33:15","slug":"aviso-legal","status":"publish","type":"page","link":"https:\/\/dual-byte.com\/index.php\/nosotros-telefonia-ip-asteriks\/aviso-legal\/","title":{"rendered":"Aviso Legal"},"content":{"rendered":"<h5><strong>Pol\u00edtica de privacidad<\/strong><br \/>\nEn www.dual-byte.com, en adelante \u201cDualByte Comunicaciones\u201d, respetamos su informaci\u00f3n personal y en vista de cumplir con las pol\u00edticas de seguridad respectivas concernientes a todo sitio web, se infirma:<\/h5>\n<h5><strong>Privacidad de los datos personales:<\/strong><br \/>\nSus datos personales le corresponden solo a usted y este sitio web es responsable de no revelar ninguna clase de informaci\u00f3n que le pertenezca (como email, n\u00fameros de ip, etc.), salvo su expresa autorizaci\u00f3n o fuerzas de naturaleza mayor de tipo legal que lo involucren, como hackeos o suplantaciones.<\/h5>\n<h5>\n<strong>Responsabilidad de las opiniones vertidas:<\/strong><br \/>\nLas publicaciones a modo de art\u00edculos (tambi\u00e9n llamados posts) son responsabilidad del autor del blog. Los comentarios, vertidos por los visitantes, son responsabilidad de ellos mismos y en caso alguno viole las reglas m\u00ednimas de respeto a los dem\u00e1s y a las buenas costumbres, \u00e9stos ser\u00edan borrados por el editor del blog, sin esperar su consentimiento.<\/h5>\n<h5>\n<strong>Seguridad de su informaci\u00f3n personal:<\/strong><br \/>\nEste sitio web se hace responsable de velar por su seguridad, por la privacidad de su informaci\u00f3n y por el respeto a sus datos, de acuerdo con las limitaciones que la actual Internet nos provee, siendo conscientes que no estamos excluidos de sufrir alg\u00fan ataque por parte de crackers o usuarios malintencionados que ejerzan la delincuencia inform\u00e1tica.<\/h5>\n<h5><strong>Obtenci\u00f3n de su informaci\u00f3n:<\/strong><br \/>\nTodos sus datos personales consignados en este sitio son suministrados por usted mismo, haciendo uso entero de su libertad. La informaci\u00f3n aqu\u00ed almacenada solo comprende datos b\u00e1sicos ingresados mediante formularios de contacto, comentarios u otros similares.<\/h5>\n<h5><strong>Uso de la informaci\u00f3n:<\/strong><br \/>\nAl proporcionarnos sus datos personales, estando de acuerdo con la Pol\u00edtica de Privacidad aqu\u00ed consignada, nos autoriza para el siguiente uso de su informaci\u00f3n: a) para el fin mismo por lo cual se ha suministrado; b) para considerarlo dentro de nuestras estad\u00edsticas de tr\u00e1fico, incrementando as\u00ed nuestra oferta publicitaria y de mercado; c) para orientar mejor los servicios aqu\u00ed ofrecidos y valorarlos a su criterio, y d) para enviar e-mails con nuestros boletines, responder inquietudes o comentarios, y mantener informado a nuestros usuarios.<\/h5>\n<h5><strong>Uso de los cookies:<\/strong><br \/>\nEl uso de cookies y su direcci\u00f3n IP, tomados por este sitio, se realiza solo con la finalidad de mantenerles un sitio de acuerdo a sus preferencias locales (tales como navegador web usado, sistema operativo, ISP, etc.). Las \u201ccookies\u201d permiten entregar un contenido ajustado a los intereses y necesidades de nuestros usuarios\/visitantes. Tambi\u00e9n podr\u00edan usarse cookies de Terceros que est\u00e9n presentes en este Weblog, como anunciantes o publicidad del mismo, con el \u00fanico fin de proveer informaciones adicionales o relevantes a la Navegaci\u00f3n del Usuario en este Sitio Web.<\/h5>\n<h5><strong>Modificaciones a nuestras Pol\u00edticas de Privacidad:<\/strong><br \/>\nEl sitio web se reserva el derecho de modificar, rectificar, alterar, agregar o eliminar cualquier punto del presente escrito en cualquier momento y sin previo aviso, siendo su responsabilidad el mantenerse informado del mismo para una adecuada administraci\u00f3n de su informaci\u00f3n.<\/h5>\n<h5>\n<strong>Estad\u00edsticas y otros sitios afines a Dual-byte.com<\/strong><br \/>\nPara el correcto funcionamiento de este blog, se hacen uso de diversos cookies, tanto del sitio como de nuestros proveedores (como se expuso en el punto anterior), almacenados en su equipo o mediante el uso de alg\u00fan script.<\/h5>\n<h5>Las cookies usadas solo se almacenan en su equipo con fines estad\u00edsticos, siendo omitidos los datos que pudieran resultar en recopilaci\u00f3n de car\u00e1cter importante.<\/h5>\n","protected":false},"excerpt":{"rendered":"<p>Pol\u00edtica de privacidad En www.dual-byte.com, en adelante \u201cDualByte Comunicaciones\u201d, respetamos su informaci\u00f3n personal y en vista de cumplir con las pol\u00edticas de seguridad respectivas concernientes a todo sitio web, se infirma: Privacidad de los datos personales: Sus datos personales le corresponden solo a usted y este sitio web es responsable de no revelar ninguna clase&#8230;<\/p>\n<p class=\"more-link\"><a href=\"https:\/\/dual-byte.com\/index.php\/nosotros-telefonia-ip-asteriks\/aviso-legal\/\"><span>Read More<\/span><i>&#43;<\/i><\/a><\/p>\n","protected":false},"author":1,"featured_media":0,"parent":130,"menu_order":7,"comment_status":"closed","ping_status":"closed","template":"","meta":{"_joinchat":[],"footnotes":""},"_links":{"self":[{"href":"https:\/\/dual-byte.com\/index.php\/wp-json\/wp\/v2\/pages\/261"}],"collection":[{"href":"https:\/\/dual-byte.com\/index.php\/wp-json\/wp\/v2\/pages"}],"about":[{"href":"https:\/\/dual-byte.com\/index.php\/wp-json\/wp\/v2\/types\/page"}],"author":[{"embeddable":true,"href":"https:\/\/dual-byte.com\/index.php\/wp-json\/wp\/v2\/users\/1"}],"replies":[{"embeddable":true,"href":"https:\/\/dual-byte.com\/index.php\/wp-json\/wp\/v2\/comments?post=261"}],"version-history":[{"count":1,"href":"https:\/\/dual-byte.com\/index.php\/wp-json\/wp\/v2\/pages\/261\/revisions"}],"predecessor-version":[{"id":262,"href":"https:\/\/dual-byte.com\/index.php\/wp-json\/wp\/v2\/pages\/261\/revisions\/262"}],"up":[{"embeddable":true,"href":"https:\/\/dual-byte.com\/index.php\/wp-json\/wp\/v2\/pages\/130"}],"wp:attachment":[{"href":"https:\/\/dual-byte.com\/index.php\/wp-json\/wp\/v2\/media?parent=261"}],"curies":[{"name":"wp","href":"https:\/\/api.w.org\/{rel}","templated":true}]}}